{"id":3247,"date":"2022-04-23T15:51:54","date_gmt":"2022-04-23T13:51:54","guid":{"rendered":"\/?page_id=3247"},"modified":"2025-02-25T14:13:59","modified_gmt":"2025-02-25T13:13:59","slug":"glossar","status":"publish","type":"page","link":"https:\/\/berias.com\/de\/glossar\/","title":{"rendered":"Glossar"},"content":{"rendered":"<p>GLOSSAR<\/p>\n<p>UNSER NACHSCHLAGWERK WICHTIGER BEGRIFFLICHKEITEN <\/p>\n<p>SICHTBAR WERDEN F\u00dcR NEUKUNDEN<\/p>\n<p>DEEPDIVE AI<\/p>\n<div class=\"fusion-title title fusion-title-2 fusion-title-center fusion-title-text fusion-title-size-three\">\n<h3 class=\"title-heading-center fusion-responsive-typography-calculated\">Verst\u00e4ndnis und Anwendungsm\u00f6glichkeit k\u00fcnstlicher Intelligenz.<\/h3>\n<\/div>\n<p>JETZT INFORMIEREN!<\/p>\n<p style=\"text-align: center;\">RPA<\/p>\n<p style=\"color: #ffffff; text-align: center;\">Mit RPA &#8211; Robotic Process Automation am Puls der Zeit bleiben und Unternehmen zukunftssicher gestalten.<\/p>\n<p>JETZT INFORMIEREN!<\/p>\n<p>KI-BEGRIFFE<\/p>\n<p>Sehr allgemeine Bezeichnung f\u00fcr &#8222;K\u00fcnstliche Intelligenz&#8220; (kurz: &#8222;KI&#8220;), was die Nachahmung von menschlicher Intelligenz durch Maschinen bzw. Automaten umschreibt. Die Bezeichnung wurde auf der historischen Dartmouth-Konferenz von 1956, die als &#8222;Geburtsstunde der KI&#8220; gilt, gepr\u00e4gt. (Quelle: &#8222;Grundkurs K\u00fcnstliche Intelligenz&#8220; von W. Ertel)<\/p>\n<p>Wissenschaft zur Beschreibung, Analyse und Nutzung von Daten (oder genauer gesagt mehrdimensionalen Datenarrays = Tensoren). Aufgrund von weitverbreiteten Speicherm\u00f6glichkeiten und Digitalisierung nimmt Data Science eine immer wichtiger werdende Rolle heutzutage ein und ist unverzichtbar geworden. Insbesondere bei der Analyse und Nutzung von Daten wird auf Machine Learning zur\u00fcckgegriffen. (Quelle: <span class=\"TextRun SCXW98214570 BCX9\" lang=\"DE-DE\" xml:lang=\"DE-DE\" data-contrast=\"auto\"><span class=\"NormalTextRun SCXW98214570 BCX9\">\u201eData Science <\/span><span class=\"NormalTextRun SpellingErrorV2 SCXW98214570 BCX9\">for<\/span><span class=\"NormalTextRun SCXW98214570 BCX9\"> Business <\/span><span class=\"NormalTextRun SpellingErrorV2 SCXW98214570 BCX9\">Intelligence<\/span><span class=\"NormalTextRun SCXW98214570 BCX9\"> and Business Analytics\u201d (Lederer und Schmid, 2020) https:\/\/www.igi-global.com\/chapter\/data-science-for-business-analytics-and-business-intelligence\/263560)<\/span><\/span><\/p>\n<p>Deep Learning umschreibt Maschinelles Lernen mittels k\u00fcnstlichen neuronalen Netzen, welche mehrere Schichten (deep layers) umfassen. Durch die gro\u00dfe Anzahl an Schichten sollen auch schwierige Aufgaben f\u00fcr Maschinen l\u00f6sbar gemacht werden.<\/p>\n<p>Abk\u00fcrzung f\u00fcr &#8222;Generative Pre-trained Transformer 3&#8220;. Ein Produkt der &#8222;Open AI&#8220; Initiative an der unter anderem Elon Musk beteiligt ist. Im Kern ist es ein autoregressives Machine Learning Modell, das gro\u00dfe St\u00e4rke im Natural Language Processing (NLP) hat. (Quelle: https:\/\/openai.com\/blog\/gpt-3-apps\/)<\/p>\n<p>Ein in der Programmiersprache Python geschriebenes Front-End f\u00fcr TensorFlow. Entwickelt von Francois Chollet. (https:\/\/keras.io\/)<\/p>\n<p>Ein Machine Learning Modell, das im Speziellen Neuronale Netzwerke von Lebewesen mit ihren &#8222;perkolierenden&#8220; Verst\u00e4ndnis-Mechanismen nachahmt. Oft wird hierbei der sogenannte Backpropagation-Algorithmus eingesetzt.<\/p>\n<p>Die Logik stellt die Grundlage der modernen Informatik (Computer Science) dar, da nicht nur Zahlen, sondern auch Symbole verarbeitet werden k\u00f6nnen. Auf der historischen Dartmouth-Konferenz von 1956 wurden die ersten tragf\u00e4higen Logiksysteme vorgestellt.<\/p>\n<p>Machine Learning (oder Maschinelles Lernen) stellt genau eine Ausgestaltung der Schwachen KI dar, bei welcher klassische statistische Verfahren weiterentwickelt wurden bzw. werden (Prim\u00e4rbeispiel: Lineare Regression). Algorithmen mit entsprechenden Parametern sind hierbei ein integraler Bestandteil.<\/p>\n<p>Abk\u00fcrzung f\u00fcr &#8222;Natural Language Processing&#8220;. Dies bezeichnet alle Arten des Maschinellen Lernens, die sich mit dem Verst\u00e4ndnis, der Analyse und der Verarbeitung von nat\u00fcrlicher Sprache von Lebewesen befasst (insbesondere von Menschen).<\/p>\n<p>Sehr beliebte Programmiersprache f\u00fcr alle Arten von Machine Learning. (https:\/\/www.python.org\/)<\/p>\n<p>W\u00e4hrend Artificial Intelligence &#8222;Denkvorg\u00e4nge&#8220; erfasst, stellt das Adjektiv &#8222;robotic&#8220; die k\u00fcnstliche Nachahmung von physischen Handlungen in den Vordergrund. Diese Handlungen k\u00f6nnen sich entweder konkret auf Aktionen bei der Software\/Computer-Bedienung beziehen (siehe auch &#8222;RPA&#8220;) oder auch allgemeiner auf alle Arten von physischen Aktionen au\u00dferhalb der Bedienung eines Computers. F\u00fcr letzters ben\u00f6tigt man dann nat\u00fcrlich einen physischen Roboter.<\/p>\n<p>Maschinelles Lernen, das nach dem Prinizp &#8222;Trial &amp; Error&#8220; zusammen mit der Belohnung von Erfolgen funktioniert (&#8222;Lernen wie ein Kleinkind&#8220;). Es wird besonders h\u00e4ufig bei physischen Robotern eingesetzt, die sich in unbekannter Umgebung zurechtfinden m\u00fcssen.<\/p>\n<p>K\u00fcnstliche Intelligenz, die auf Augenh\u00f6he mit Menschen agiert und v\u00f6llig gleichwertig zu ihnen in allen Aspekten ist. Aktuell ist das lediglich ein Gegenstand der Fiktion (vor allem Science Fiction), da die (technische) Realisierung (trotz vielen und historisch weit zur\u00fcckreichenden Versuchen) sehr komplex und schwierig ist.<\/p>\n<p>K\u00fcnstliche Intelligenz, die nur gewisse Aufgaben, die menschliche Intelligenz erfordern, abdeckt. Durch den Umstand, dass man sich auf einen konkreten Teilaspekt konzentriert, kann eine h\u00f6here Pr\u00e4zision und Effizienz im Vergleich zu menschlichen Agenten erreicht werden. Allerdings eben nur in dem klar definierten Aufgabengebiet.<\/p>\n<p>Maschinelles Lernen mit oder ohne &#8222;Musterl\u00f6sungen&#8220;, beides hat Vor- und Nachteile. W\u00e4hrend Unsupervised Learning vornehmlich zur Generierung von Ideen dient, wird Supervised Learning vor allem bei Problemen mit gro\u00dfen Datenvorr\u00e4ten verwendet und der Fokus liegt hierbei auf Pr\u00e4zision bei der Aufgabenl\u00f6sung.<\/p>\n<p>Eine in der Programmiersprache Python geschriebene Software-Bibliothek f\u00fcr Machine Learning mit besonderem Fokus auf Deep Neural Networks. Initiiert von Google, mittlerweile als Open Source zug\u00e4nglich. Der Name &#8222;TensorFlow&#8220; bezieht sich auf die Verarbeitung von mehrdimensionalen Datenarrays (Grundlage von Data Science), welche auch als &#8222;Tensoren&#8220; bezeichnet werden. (https:\/\/www.tensorflow.org\/)<\/p>\n<p>Abk\u00fcrzung f\u00fcr &#8222;Tensor Processing Unit&#8220;, einen Computer-Chip, der f\u00fcr den Umgang mit mehrdimensionalen Datenarrays (alias &#8222;Tensoren) geeignet ist.<\/p>\n<p>RPA-BEGRIFFE<\/p>\n<p>Automation Anywhere ist ein amerikanisches globales Softwareunternehmen, das Software f\u00fcr die Roboterprozessautomatisierung entwickelt. Das 2003 gegr\u00fcndete Unternehmen hat seinen Hauptsitz in San Jose, Kalifornien. (Quelle: https:\/\/en.wikipedia.org\/wiki\/Automation_Anywhere)<\/p>\n<p>Beaufsichtigte Roboter arbeiten Seite an Seite mit Menschen auf deren Desktops und agieren wie pers\u00f6nliche Assistenten, die bei den t\u00e4glichen Aufgaben helfen. Die Mitarbeiter greifen auf den Assistenten zu, planen ihn und f\u00fchren Automatisierungen aus. (https:\/\/www.uipath.com\/product\/robots)<\/p>\n<p>Blue Prism ist der Handelsname der Blue Prism Group plc, einem britischen multinationalen Softwareunternehmen, das Pionierarbeit leistet und Software f\u00fcr die Roboterprozessautomatisierung f\u00fcr Unternehmen anbietet. (Quelle: https:\/\/en.wikipedia.org\/wiki\/Blue_Prism)<\/p>\n<p>&#8222;Prozessmanagement, auch Gesch\u00e4ftsprozessmanagement, besch\u00e4ftigt sich mit der Identifikation, Gestaltung, Dokumentation, Implementierung, Steuerung und Optimierung von Gesch\u00e4ftsprozessen.&#8220; (Quelle: https:\/\/de.wikipedia.org\/wiki\/Prozessmanagement)<\/p>\n<p>&#8222;Ein Gesch\u00e4ftsprozess ist eine Abfolge von Aktivit\u00e4ten zur Erf\u00fcllung einer betrieblichen Aufgabe. Aus einem oder mehreren Inputs (Eingabe) wird ein Kundennutzen stiftender Output (Ergebnis) generiert, d.h. durch Informations- und Materialtransformation werden Produkte erstellt oder Dienstleistungen erbracht.&#8220; (Quelle: https:\/\/der-prozessmanager.de\/aktuell\/wissensdatenbank\/geschaeftsprozess)<\/p>\n<p>Hyperautomation ist ein gesch\u00e4ftsorientierter, disziplinierter Ansatz, mit dem Unternehmen so viele Gesch\u00e4fts- und IT-Prozesse wie m\u00f6glich schnell identifizieren, \u00fcberpr\u00fcfen und automatisieren k\u00f6nnen. Hyperautomatisierung beinhaltet den koordinierten Einsatz mehrerer Technologien, Tools oder Plattformen, wie Artificial Intelligence (AI), Machine Learning, Event-driven Software Architecture, Robotic Process Automation (RPA), Business Process Management (BPM) and Intelligent Business Process Management Suites (iBPMS), Integration Platform as a Service (iPaaS), low-code\/no-code tools, Packaged Software und andere Arten von Entscheidungs-, Prozess- und Aufgabenautomatisierungstools. (https:\/\/www.gartner.com\/en\/information-technology\/glossary\/hyperautomation)<\/p>\n<p>OpenRPA ist die erste vollst\u00e4ndig kostenlose, quelloffene Plattform f\u00fcr die Automatisierung von Roboterprozessen in Unternehmen. (Quelle: openrpa.dk)<\/p>\n<p>Optische Zeichenerkennung oder kurz OCR ist der Einsatz von Technologie zur Erkennung gedruckter oder handgeschriebener Textzeichen innerhalb von digitalisierten Dokumenten wie beispielsweise einem eingescannten Papierdokument. Die grundlegende Vorgehensweise von OCR besteht darin, den Text eines Dokumentes zu untersuchen und die Zeichen in einen Code zu \u00fcbersetzen, der f\u00fcr die Datenverarbeitung verwendet werden kann. (Quelle: https:\/\/whatis.techtarget.com\/de\/definition\/OCR-Optical-Character-Recognition)<\/p>\n<p>Process Mining ist definiert als eine analytische Disziplin zur Entdeckung, \u00dcberwachung und Verbesserung von Prozessen, wie sie tats\u00e4chlich sind und nicht, wie man denkt, dass sie sein k\u00f6nnten. (Quelle: https:\/\/www.celonis.com\/de\/process-mining\/what-is-process-mining\/)<\/p>\n<p>&#8222;Robotic Process Automation ist ein Ansatz zur Prozessautomatisierung, bei dem repetitive, manuelle, zeitintensive oder fehleranf\u00e4llige T\u00e4tigkeiten durch sogenannte Softwareroboter erlernt und automatisiert ausgef\u00fchrt werden.&#8220; (Quelle: https:\/\/de.wikipedia.org\/wiki\/Robotic_Process_Automation)<\/p>\n<p>Unter Screen Scraping versteht man das Sammeln von Bildschirmanzeigedaten aus einer Anwendung und deren \u00dcbersetzung, damit eine andere Anwendung sie anzeigen kann. Dies geschieht in der Regel, um Daten aus einer \u00e4lteren Anwendung zu erfassen, damit sie \u00fcber eine modernere Benutzeroberfl\u00e4che angezeigt werden k\u00f6nnen. (Quelle: https:\/\/www.techopedia.com\/definition\/16597\/screen-scraping)<\/p>\n<p>Task Mining ist ein Dienst zur Erkennung von Automatisierungsm\u00f6glichkeiten. Er sammelt die Daten des Mitarbeiter-Desktops, bestehend aus Screenshots und Protokolldaten zu jeder Benutzeraktion (Mausklick, Tastendruck), und f\u00fchrt dann ein maschinelles Lernmodell aus, um die Daten zu analysieren und eine Liste von Prozessen mit hohem Automatisierungspotenzial vorzuschlagen. (Quelle: https:\/\/docs.uipath.com\/task-mining\/docs\/introduction)<\/p>\n<p>&#8222;UiPath ist ein in Rum\u00e4nien gegr\u00fcndetes US-amerikanisches Softwareunternehmen mit Hauptsitz in New York, das eine Plattform f\u00fcr die Robotic process automation f\u00fcr Gesch\u00e4ftskunden betreibt.&#8220; (Quelle: https:\/\/de.wikipedia.org\/wiki\/UiPath)<\/p>\n<p>Sie arbeiten selbstst\u00e4ndig im Hintergrund und erledigen aufgabenintensive, langlaufende Prozesse. Unbeaufsichtigte Roboter melden sich bei Mitarbeitern zur Validierung oder bei Fragen oder Ausnahmen. (Quelle: https:\/\/www.uipath.com\/product\/robots)<\/p>\n<p>ALLGEMEINE BEGRIFFE<\/p>\n<p>&#8222;Eine Programmierschnittstelle (kurz API), ist ein Programmteil, der von einem Softwaresystem anderen Programmen zur Anbindung an das System zur Verf\u00fcgung gestellt wird.&#8220; (Quelle: https:\/\/de.wikipedia.org\/wiki\/Programmierschnittstelle)<\/p>\n<p>&#8222;Cloud Computing beschreibt ein Modell, das bei Bedarf \u2013 meist \u00fcber das Internet und ger\u00e4teunabh\u00e4ngig \u2013 zeitnah und mit wenig Aufwand geteilte Computerressourcen als Dienstleistung, etwa in Form von Servern, Datenspeicher oder Applikationen, bereitstellt und nach Nutzung abrechnet.&#8220; (Quelle: https:\/\/de.wikipedia.org\/wiki\/Cloud_Computing)<\/p>\n<p>&#8222;Ein Interface (englisch f\u00fcr \u201eSchnittstelle&#8220;) bezeichnet eine \u00dcbergangsstelle zwischen verschiedenen Komponenten eines IT-Systems, \u00fcber die der Datenaustausch oder die Datenverarbeitung realisiert werden. Dies k\u00f6nnen Mensch-Computer-Schnittstellen oder Computer-Computer-Schnittstellen sein.&#8220; (Quelle: http:\/\/www.softselect.de\/business-software-glossar\/interface)<\/p>\n<p>&#8222;On-Premises oder On-Prem (in den eigenen R\u00e4umlichkeiten, vor Ort oder lokal) bezeichnet ein Nutzungs- und Lizenzmodell f\u00fcr serverbasierte Computerprogramme (Software).&#8220; (Quelle: https:\/\/de.wikipedia.org\/wiki\/On_Premises)<\/p>\n<p>&#8222;Off-Premises oder Off-Prem (au\u00dferhalb der eigenen R\u00e4umlichkeiten, nicht vor Ort bzw. global) bezeichnet ein Nutzungsmodell f\u00fcr cloudbasierte Software.&#8220; (Quelle: https:\/\/de.wikipedia.org\/wiki\/Off-Premises)<\/p>\n<p>Quellen, soweit nicht anders angegeben: &#8222;Artificial Intelligence: A modern approach&#8220; von S. Russell und P. Norvig (erschienen bei Pearson) sowie &#8222;Grundkurs K\u00fcnstliche Intelligenz&#8220; von W. Ertel (erschienen bei Springer Vieweg).<\/p>\n<p style=\"text-align: left;\">BERIAS.coffee Date?<\/p>\n<p style=\"text-align: justify;\">Du bist noch unentschlossen und m\u00f6chtest erst noch etwas mehr erfahren? Dann lass uns doch gemeinsam einen digitalen Kaffee trinken und Du kannst alles erfragen und sagen, ganz ohne Zugzwang. <span style=\"color: var(--body_typography-color); font-family: var(--body_typography-font-family); font-size: var(--body_typography-font-size); font-style: var(--body_typography-font-style,normal); font-weight: var(--body_typography-font-weight); letter-spacing: var(--body_typography-letter-spacing);\">Schreib einfach unserem Tobias \u00fcber das Kaffee-Icon.<br \/>\n<\/span><\/p>\n<p>\/wp-content\/uploads\/2021\/07\/BERIAScoffee-2000&#215;1200.jpg<\/p>\n","protected":false},"excerpt":{"rendered":"<p>GLOSSAR UNSER NACHSCHLAGWERK WICHTIGER BEGRIFFLICHKEITEN SICHTBAR WERDEN F\u00dcR NEUKUNDEN DEEPDIVE AI Verst\u00e4ndnis und Anwendungsm\u00f6glichkeit k\u00fcnstlicher Intelligenz. JETZT INFORMIEREN! RPA Mit RPA &#8211; Robotic Process Automation am Puls der Zeit bleiben und Unternehmen zukunftssicher gestalten. JETZT INFORMIEREN! KI-BEGRIFFE Sehr allgemeine Bezeichnung f\u00fcr &#8222;K\u00fcnstliche Intelligenz&#8220; (kurz: &#8222;KI&#8220;), was die Nachahmung von menschlicher Intelligenz durch Maschinen bzw. Automaten [&hellip;]<\/p>\n","protected":false},"author":6,"featured_media":0,"parent":0,"menu_order":0,"comment_status":"closed","ping_status":"closed","template":"100-width.php","meta":{"_acf_changed":false,"content-type":"","inline_featured_image":false,"footnotes":""},"class_list":["post-3247","page","type-page","status-publish","hentry"],"acf":[],"yoast_head":"<!-- This site is optimized with the Yoast SEO plugin v27.3 - https:\/\/yoast.com\/product\/yoast-seo-wordpress\/ -->\n<title>Glossar - BERIAS - RPA - KI - Begriffserkl\u00e4rungen<\/title>\n<meta name=\"description\" content=\"Die Wichtigsten Begriffe und Erkl\u00e4rungen zu den Themen RPA, KI sowie allgemeine IT-Begriffe finden Sie hier in unserem Glossar.\" \/>\n<meta name=\"robots\" content=\"index, follow, max-snippet:-1, max-image-preview:large, max-video-preview:-1\" \/>\n<link rel=\"canonical\" href=\"https:\/\/berias.com\/de\/glossar\/\" \/>\n<meta property=\"og:locale\" content=\"de_DE\" \/>\n<meta property=\"og:type\" content=\"article\" \/>\n<meta property=\"og:title\" content=\"Glossar - BERIAS - RPA - KI - Begriffserkl\u00e4rungen\" \/>\n<meta property=\"og:description\" content=\"Die Wichtigsten Begriffe und Erkl\u00e4rungen zu den Themen RPA, KI sowie allgemeine IT-Begriffe finden Sie hier in unserem Glossar.\" \/>\n<meta property=\"og:url\" content=\"https:\/\/berias.com\/de\/glossar\/\" \/>\n<meta property=\"og:site_name\" content=\"BERIAS\" \/>\n<meta property=\"article:publisher\" content=\"https:\/\/www.facebook.com\/profile.php?id=100072537697003\" \/>\n<meta property=\"article:modified_time\" content=\"2025-02-25T13:13:59+00:00\" \/>\n<meta property=\"og:image\" content=\"https:\/\/berias.com\/wp-content\/uploads\/2025\/08\/Zeichenflache-3.png\" \/>\n\t<meta property=\"og:image:width\" content=\"1201\" \/>\n\t<meta property=\"og:image:height\" content=\"676\" \/>\n\t<meta property=\"og:image:type\" content=\"image\/png\" \/>\n<meta name=\"twitter:card\" content=\"summary_large_image\" \/>\n<meta name=\"twitter:label1\" content=\"Gesch\u00e4tzte Lesezeit\" \/>\n\t<meta name=\"twitter:data1\" content=\"17\u00a0Minuten\" \/>\n<script type=\"application\/ld+json\" class=\"yoast-schema-graph\">{\"@context\":\"https:\\\/\\\/schema.org\",\"@graph\":[{\"@type\":\"WebPage\",\"@id\":\"https:\\\/\\\/berias.com\\\/de\\\/glossar\\\/\",\"url\":\"https:\\\/\\\/berias.com\\\/de\\\/glossar\\\/\",\"name\":\"Glossar - BERIAS - RPA - KI - Begriffserkl\u00e4rungen\",\"isPartOf\":{\"@id\":\"\\\/#website\"},\"datePublished\":\"2022-04-23T13:51:54+00:00\",\"dateModified\":\"2025-02-25T13:13:59+00:00\",\"description\":\"Die Wichtigsten Begriffe und Erkl\u00e4rungen zu den Themen RPA, KI sowie allgemeine IT-Begriffe finden Sie hier in unserem Glossar.\",\"breadcrumb\":{\"@id\":\"https:\\\/\\\/berias.com\\\/de\\\/glossar\\\/#breadcrumb\"},\"inLanguage\":\"de\",\"potentialAction\":[{\"@type\":\"ReadAction\",\"target\":[\"https:\\\/\\\/berias.com\\\/de\\\/glossar\\\/\"]}]},{\"@type\":\"BreadcrumbList\",\"@id\":\"https:\\\/\\\/berias.com\\\/de\\\/glossar\\\/#breadcrumb\",\"itemListElement\":[{\"@type\":\"ListItem\",\"position\":1,\"name\":\"Startseite\",\"item\":\"https:\\\/\\\/berias.com\\\/de\\\/\"},{\"@type\":\"ListItem\",\"position\":2,\"name\":\"Glossar\"}]},{\"@type\":\"WebSite\",\"@id\":\"\\\/#website\",\"url\":\"\\\/\",\"name\":\"BERIAS\",\"description\":\"Business Development\",\"publisher\":{\"@id\":\"\\\/#organization\"},\"potentialAction\":[{\"@type\":\"SearchAction\",\"target\":{\"@type\":\"EntryPoint\",\"urlTemplate\":\"\\\/?s={search_term_string}\"},\"query-input\":{\"@type\":\"PropertyValueSpecification\",\"valueRequired\":true,\"valueName\":\"search_term_string\"}}],\"inLanguage\":\"de\"},{\"@type\":\"Organization\",\"@id\":\"\\\/#organization\",\"name\":\"Berias.\",\"url\":\"\\\/\",\"logo\":{\"@type\":\"ImageObject\",\"inLanguage\":\"de\",\"@id\":\"\\\/#\\\/schema\\\/logo\\\/image\\\/\",\"url\":\"https:\\\/\\\/berias.com\\\/wp-content\\\/uploads\\\/2025\\\/08\\\/For-Yoast.png\",\"contentUrl\":\"https:\\\/\\\/berias.com\\\/wp-content\\\/uploads\\\/2025\\\/08\\\/For-Yoast.png\",\"width\":697,\"height\":697,\"caption\":\"Berias.\"},\"image\":{\"@id\":\"\\\/#\\\/schema\\\/logo\\\/image\\\/\"},\"sameAs\":[\"https:\\\/\\\/www.facebook.com\\\/profile.php?id=100072537697003\",\"https:\\\/\\\/www.linkedin.com\\\/company\\\/berias\\\/\",\"https:\\\/\\\/www.instagram.com\\\/berias.official\\\/\"]}]}<\/script>\n<!-- \/ Yoast SEO plugin. -->","yoast_head_json":{"title":"Glossar - BERIAS - RPA - KI - Begriffserkl\u00e4rungen","description":"Die Wichtigsten Begriffe und Erkl\u00e4rungen zu den Themen RPA, KI sowie allgemeine IT-Begriffe finden Sie hier in unserem Glossar.","robots":{"index":"index","follow":"follow","max-snippet":"max-snippet:-1","max-image-preview":"max-image-preview:large","max-video-preview":"max-video-preview:-1"},"canonical":"https:\/\/berias.com\/de\/glossar\/","og_locale":"de_DE","og_type":"article","og_title":"Glossar - BERIAS - RPA - KI - Begriffserkl\u00e4rungen","og_description":"Die Wichtigsten Begriffe und Erkl\u00e4rungen zu den Themen RPA, KI sowie allgemeine IT-Begriffe finden Sie hier in unserem Glossar.","og_url":"https:\/\/berias.com\/de\/glossar\/","og_site_name":"BERIAS","article_publisher":"https:\/\/www.facebook.com\/profile.php?id=100072537697003","article_modified_time":"2025-02-25T13:13:59+00:00","og_image":[{"width":1201,"height":676,"url":"https:\/\/berias.com\/wp-content\/uploads\/2025\/08\/Zeichenflache-3.png","type":"image\/png"}],"twitter_card":"summary_large_image","twitter_misc":{"Gesch\u00e4tzte Lesezeit":"17\u00a0Minuten"},"schema":{"@context":"https:\/\/schema.org","@graph":[{"@type":"WebPage","@id":"https:\/\/berias.com\/de\/glossar\/","url":"https:\/\/berias.com\/de\/glossar\/","name":"Glossar - BERIAS - RPA - KI - Begriffserkl\u00e4rungen","isPartOf":{"@id":"\/#website"},"datePublished":"2022-04-23T13:51:54+00:00","dateModified":"2025-02-25T13:13:59+00:00","description":"Die Wichtigsten Begriffe und Erkl\u00e4rungen zu den Themen RPA, KI sowie allgemeine IT-Begriffe finden Sie hier in unserem Glossar.","breadcrumb":{"@id":"https:\/\/berias.com\/de\/glossar\/#breadcrumb"},"inLanguage":"de","potentialAction":[{"@type":"ReadAction","target":["https:\/\/berias.com\/de\/glossar\/"]}]},{"@type":"BreadcrumbList","@id":"https:\/\/berias.com\/de\/glossar\/#breadcrumb","itemListElement":[{"@type":"ListItem","position":1,"name":"Startseite","item":"https:\/\/berias.com\/de\/"},{"@type":"ListItem","position":2,"name":"Glossar"}]},{"@type":"WebSite","@id":"\/#website","url":"\/","name":"BERIAS","description":"Business Development","publisher":{"@id":"\/#organization"},"potentialAction":[{"@type":"SearchAction","target":{"@type":"EntryPoint","urlTemplate":"\/?s={search_term_string}"},"query-input":{"@type":"PropertyValueSpecification","valueRequired":true,"valueName":"search_term_string"}}],"inLanguage":"de"},{"@type":"Organization","@id":"\/#organization","name":"Berias.","url":"\/","logo":{"@type":"ImageObject","inLanguage":"de","@id":"\/#\/schema\/logo\/image\/","url":"https:\/\/berias.com\/wp-content\/uploads\/2025\/08\/For-Yoast.png","contentUrl":"https:\/\/berias.com\/wp-content\/uploads\/2025\/08\/For-Yoast.png","width":697,"height":697,"caption":"Berias."},"image":{"@id":"\/#\/schema\/logo\/image\/"},"sameAs":["https:\/\/www.facebook.com\/profile.php?id=100072537697003","https:\/\/www.linkedin.com\/company\/berias\/","https:\/\/www.instagram.com\/berias.official\/"]}]}},"_links":{"self":[{"href":"https:\/\/berias.com\/de\/wp-json\/wp\/v2\/pages\/3247","targetHints":{"allow":["GET"]}}],"collection":[{"href":"https:\/\/berias.com\/de\/wp-json\/wp\/v2\/pages"}],"about":[{"href":"https:\/\/berias.com\/de\/wp-json\/wp\/v2\/types\/page"}],"author":[{"embeddable":true,"href":"https:\/\/berias.com\/de\/wp-json\/wp\/v2\/users\/6"}],"replies":[{"embeddable":true,"href":"https:\/\/berias.com\/de\/wp-json\/wp\/v2\/comments?post=3247"}],"version-history":[{"count":0,"href":"https:\/\/berias.com\/de\/wp-json\/wp\/v2\/pages\/3247\/revisions"}],"wp:attachment":[{"href":"https:\/\/berias.com\/de\/wp-json\/wp\/v2\/media?parent=3247"}],"curies":[{"name":"wp","href":"https:\/\/api.w.org\/{rel}","templated":true}]}}