{"id":1789,"date":"2020-05-16T08:56:16","date_gmt":"2020-05-16T06:56:16","guid":{"rendered":"\/?page_id=1789"},"modified":"2025-02-25T13:57:13","modified_gmt":"2025-02-25T12:57:13","slug":"berias-crew","status":"publish","type":"page","link":"https:\/\/berias.com\/de\/berias-crew\/","title":{"rendered":"BERIAS.CREW"},"content":{"rendered":"<p>BERIAS<span style=\"color: #cdf600;\">.crew<\/span><\/p>\n<p>Unser Team in einem kurzen \u00dcberblick<\/p>\n<p>IHRE ANSPRECHPARTNER<\/p>\n<p>Die BERIAS.crew ist bunt gemischt, breit aufgestellt und bildet ein kreatives Netzwerk f\u00fcr jede Aufgabe. Von Gr\u00fcndern bis hin zu erfahrenen Unternehmern bindet das Unternehmen viel Know-how und Erfahrungen, welches wir mit Spa\u00df und Freude f\u00fcr Sie als unser Partner einsetzen m\u00f6chten.<\/p>\n<p>\/wp-content\/uploads\/2022\/01\/Tobi_hochformat_BERIAS.jpg<\/p>\n<p style=\"text-align: center;\">Tobias He\u00df<\/p>\n<p style=\"text-align: center;\">E-MAILLINKEDINAnruf DEE-MailAnruf USAAnruf DE<\/p>\n<p>DIE BERIAS CREW<\/p>\n<p>LARS<\/p>\n<p style=\"text-align: center; color: #f2f2f2; font-size: 12px;\" data-fusion-font=\"true\">KI-Entwicklung<br \/>\nSoftware Development<\/p>\n<p>DAVID<\/p>\n<p style=\"text-align: center; color: #f2f2f2; font-size: 12px;\" data-fusion-font=\"true\">IT-Projektmanagement, Automotive Experte, KI-Implementierung<\/p>\n<p>22523<\/p>\n<p style=\"text-align: center; font-size: 12px; color: #36404e;\" data-fusion-font=\"true\">gewanderte H\u00f6henmeter<\/p>\n<p>BERND<\/p>\n<p style=\"text-align: center; color: #f2f2f2; font-size: 12px;\" data-fusion-font=\"true\">Software-Entwickler, RPA Developer<\/p>\n<p>6 Dialekte<\/p>\n<p>FELIX<\/p>\n<p style=\"text-align: center; color: #f2f2f2; font-size: 12px;\" data-fusion-font=\"true\">Online Marketing, SEO, SEA, Brand Building<\/p>\n<p>Michael<\/p>\n<p style=\"text-align: center; color: #f2f2f2; font-size: 12px;\" data-fusion-font=\"true\">Projektmanagement, Software Developmentt<\/p>\n<p>HAROLD<\/p>\n<p style=\"text-align: center; color: #f2f2f2; font-size: 12px;\" data-fusion-font=\"true\">Design, Company-Branding<\/p>\n<p>ESTEBAN<\/p>\n<p style=\"text-align: center; color: #f2f2f2; font-size: 12px;\" data-fusion-font=\"true\">IT-Security, HIPAA Compliance<\/p>\n<p>KRISTINE<\/p>\n<p style=\"text-align: center; color: #f2f2f2; font-size: 12px;\" data-fusion-font=\"true\">Mitarbeiter F\u00fchrung, Coaching, Mitarbeiter Strukturen<\/p>\n<p>LOUIS<\/p>\n<p style=\"text-align: center; color: #f2f2f2; font-size: 12px;\" data-fusion-font=\"true\">Online Marketing, Technische Umsetzung, Brand Building<\/p>\n<p>JULIA<\/p>\n<p style=\"text-align: center; color: #f2f2f2; font-size: 12px;\" data-fusion-font=\"true\">Projektmanagement, Social Media<\/p>\n<p>DAVID<\/p>\n<p style=\"text-align: center; color: #f2f2f2; font-size: 12px;\" data-fusion-font=\"true\">IT-Projektmanagement, Automotive Expert<\/p>\n<p>20+<\/p>\n<p style=\"text-align: center; font-size: 12px; color: #36404e;\" data-fusion-font=\"true\">T\u00e4tigkeitsfelder<\/p>\n<p>Domenico<\/p>\n<p style=\"text-align: center; color: #f2f2f2; font-size: 12px;\" data-fusion-font=\"true\">RPA Developer<\/p>\n<p>TOBIAS<\/p>\n<p style=\"text-align: center; color: #f2f2f2; font-size: 12px;\" data-fusion-font=\"true\">Prozessoptimierung, Unternehmensentwicklung, Projektmanagement<\/p>\n<p style=\"text-align: center;\">BERIAS.wir<\/p>\n<p>Die Geschichte von und mit BERIAS<\/p>\n<p>JETZT MEHR \u00dcBER UNS ERFAHREN<\/p>\n<p>UNSERE KOOPERATIONS-PARTNER<\/p>\n<p>\/wp-content\/uploads\/2022\/01\/Logo-Transparency-File_03-800&#215;632.png\/wp-content\/uploads\/2020\/05\/Lazaro_Harold.jpg\/wp-content\/uploads\/2020\/05\/Startup_Communication_Logo_schwarz.jpg\/wp-content\/uploads\/2024\/06\/Techno-Exponent-Logo.png<\/p>\n<h3 style=\"text-align: center; font-size: 19.8px; line-height: 19.8px;\" data-fontsize=\"20\" data-lineheight=\"20\"><strong>Gemeinsam<\/strong> definieren wir Ihre Strategie und finden eine <strong>individuelle L\u00f6sung<\/strong>, um Ihre neuen Kunden anzusprechen.<\/h3>\n<h3 style=\"text-align: center; font-size: 19.8px; line-height: 19.8px;\" data-fontsize=\"20\" data-lineheight=\"20\">Die <strong>Zufriedenheit<\/strong> <strong>Ihrer Kunden<\/strong> liegt uns dabei genauso am Herzen wie Ihre und die <strong>Ihrer Mitarbeiter<\/strong>!<\/h3>\n<p>DIE POWER DER CROWD.<\/p>\n<p>Bei BERIAS leben wir nach der Ubuntu Philosophie und setzen diese im Unternehmenskontext um. Dadurch erh\u00f6ht sich unsere Freude am Beruf, die Qualit\u00e4t unserer Arbeit und der Nutzen f\u00fcr unsere Kunden w\u00e4chst.<\/p>\n<p>Die &#8222;Power der Crowd&#8220; beschreibt dabei unsere Zusammenarbeit. Denn wir arbeiten in Action Teams, wodurch Kunden immer volle Unterst\u00fctzung erhalten, auch wenn Sie nur eine Person aus unserem Team beauftragen.<\/p>\n<p>Mehr \u00fcber Ubuntu @BERIAS<\/p>\n","protected":false},"excerpt":{"rendered":"<p>BERIAS.crew Unser Team in einem kurzen \u00dcberblick IHRE ANSPRECHPARTNER Die BERIAS.crew ist bunt gemischt, breit aufgestellt und bildet ein kreatives Netzwerk f\u00fcr jede Aufgabe. Von Gr\u00fcndern bis hin zu erfahrenen Unternehmern bindet das Unternehmen viel Know-how und Erfahrungen, welches wir mit Spa\u00df und Freude f\u00fcr Sie als unser Partner einsetzen m\u00f6chten. \/wp-content\/uploads\/2022\/01\/Tobi_hochformat_BERIAS.jpg Tobias He\u00df E-MAILLINKEDINAnruf [&hellip;]<\/p>\n","protected":false},"author":6,"featured_media":0,"parent":0,"menu_order":0,"comment_status":"closed","ping_status":"closed","template":"100-width.php","meta":{"_acf_changed":false,"content-type":"","inline_featured_image":false,"footnotes":""},"class_list":["post-1789","page","type-page","status-publish","hentry"],"acf":[],"yoast_head":"<!-- This site is optimized with the Yoast SEO plugin v27.4 - https:\/\/yoast.com\/product\/yoast-seo-wordpress\/ -->\n<title>BERIAS - IHR KREATIVES NETZWERK AUF AUGENH\u00d6HE<\/title>\n<meta name=\"description\" content=\"Die BERIAS.crew ist bunt gemischt, breit aufgestellt und bildet ein kreatives Netzwerk f\u00fcr jede Aufgabe. Wir sind keine Berater, wir sind Partner.\" \/>\n<meta name=\"robots\" content=\"index, follow, max-snippet:-1, max-image-preview:large, max-video-preview:-1\" \/>\n<link rel=\"canonical\" href=\"https:\/\/berias.com\/de\/berias-crew\/\" \/>\n<meta property=\"og:locale\" content=\"de_DE\" \/>\n<meta property=\"og:type\" content=\"article\" \/>\n<meta property=\"og:title\" content=\"BERIAS - IHR KREATIVES NETZWERK AUF AUGENH\u00d6HE\" \/>\n<meta property=\"og:description\" content=\"Die BERIAS.crew ist bunt gemischt, breit aufgestellt und bildet ein kreatives Netzwerk f\u00fcr jede Aufgabe. Wir sind keine Berater, wir sind Partner.\" \/>\n<meta property=\"og:url\" content=\"https:\/\/berias.com\/de\/berias-crew\/\" \/>\n<meta property=\"og:site_name\" content=\"BERIAS\" \/>\n<meta property=\"article:publisher\" content=\"https:\/\/www.facebook.com\/profile.php?id=100072537697003\" \/>\n<meta property=\"article:modified_time\" content=\"2025-02-25T12:57:13+00:00\" \/>\n<meta property=\"og:image\" content=\"https:\/\/berias.com\/wp-content\/uploads\/2025\/08\/Zeichenflache-3.png\" \/>\n\t<meta property=\"og:image:width\" content=\"1201\" \/>\n\t<meta property=\"og:image:height\" content=\"676\" \/>\n\t<meta property=\"og:image:type\" content=\"image\/png\" \/>\n<meta name=\"twitter:card\" content=\"summary_large_image\" \/>\n<meta name=\"twitter:label1\" content=\"Gesch\u00e4tzte Lesezeit\" \/>\n\t<meta name=\"twitter:data1\" content=\"26\u00a0Minuten\" \/>\n<script type=\"application\/ld+json\" class=\"yoast-schema-graph\">{\"@context\":\"https:\\\/\\\/schema.org\",\"@graph\":[{\"@type\":\"WebPage\",\"@id\":\"https:\\\/\\\/berias.com\\\/de\\\/berias-crew\\\/\",\"url\":\"https:\\\/\\\/berias.com\\\/de\\\/berias-crew\\\/\",\"name\":\"BERIAS - IHR KREATIVES NETZWERK AUF AUGENH\u00d6HE\",\"isPartOf\":{\"@id\":\"\\\/#website\"},\"datePublished\":\"2020-05-16T06:56:16+00:00\",\"dateModified\":\"2025-02-25T12:57:13+00:00\",\"description\":\"Die BERIAS.crew ist bunt gemischt, breit aufgestellt und bildet ein kreatives Netzwerk f\u00fcr jede Aufgabe. Wir sind keine Berater, wir sind Partner.\",\"breadcrumb\":{\"@id\":\"https:\\\/\\\/berias.com\\\/de\\\/berias-crew\\\/#breadcrumb\"},\"inLanguage\":\"de\",\"potentialAction\":[{\"@type\":\"ReadAction\",\"target\":[\"https:\\\/\\\/berias.com\\\/de\\\/berias-crew\\\/\"]}]},{\"@type\":\"BreadcrumbList\",\"@id\":\"https:\\\/\\\/berias.com\\\/de\\\/berias-crew\\\/#breadcrumb\",\"itemListElement\":[{\"@type\":\"ListItem\",\"position\":1,\"name\":\"Startseite\",\"item\":\"https:\\\/\\\/berias.com\\\/de\\\/\"},{\"@type\":\"ListItem\",\"position\":2,\"name\":\"BERIAS.CREW\"}]},{\"@type\":\"WebSite\",\"@id\":\"\\\/#website\",\"url\":\"\\\/\",\"name\":\"BERIAS\",\"description\":\"Business Development\",\"publisher\":{\"@id\":\"\\\/#organization\"},\"potentialAction\":[{\"@type\":\"SearchAction\",\"target\":{\"@type\":\"EntryPoint\",\"urlTemplate\":\"\\\/?s={search_term_string}\"},\"query-input\":{\"@type\":\"PropertyValueSpecification\",\"valueRequired\":true,\"valueName\":\"search_term_string\"}}],\"inLanguage\":\"de\"},{\"@type\":\"Organization\",\"@id\":\"\\\/#organization\",\"name\":\"Berias.\",\"url\":\"\\\/\",\"logo\":{\"@type\":\"ImageObject\",\"inLanguage\":\"de\",\"@id\":\"\\\/#\\\/schema\\\/logo\\\/image\\\/\",\"url\":\"https:\\\/\\\/berias.com\\\/wp-content\\\/uploads\\\/2025\\\/08\\\/For-Yoast.png\",\"contentUrl\":\"https:\\\/\\\/berias.com\\\/wp-content\\\/uploads\\\/2025\\\/08\\\/For-Yoast.png\",\"width\":697,\"height\":697,\"caption\":\"Berias.\"},\"image\":{\"@id\":\"\\\/#\\\/schema\\\/logo\\\/image\\\/\"},\"sameAs\":[\"https:\\\/\\\/www.facebook.com\\\/profile.php?id=100072537697003\",\"https:\\\/\\\/www.linkedin.com\\\/company\\\/berias\\\/\",\"https:\\\/\\\/www.instagram.com\\\/berias.official\\\/\"]}]}<\/script>\n<!-- \/ Yoast SEO plugin. -->","yoast_head_json":{"title":"BERIAS - IHR KREATIVES NETZWERK AUF AUGENH\u00d6HE","description":"Die BERIAS.crew ist bunt gemischt, breit aufgestellt und bildet ein kreatives Netzwerk f\u00fcr jede Aufgabe. Wir sind keine Berater, wir sind Partner.","robots":{"index":"index","follow":"follow","max-snippet":"max-snippet:-1","max-image-preview":"max-image-preview:large","max-video-preview":"max-video-preview:-1"},"canonical":"https:\/\/berias.com\/de\/berias-crew\/","og_locale":"de_DE","og_type":"article","og_title":"BERIAS - IHR KREATIVES NETZWERK AUF AUGENH\u00d6HE","og_description":"Die BERIAS.crew ist bunt gemischt, breit aufgestellt und bildet ein kreatives Netzwerk f\u00fcr jede Aufgabe. Wir sind keine Berater, wir sind Partner.","og_url":"https:\/\/berias.com\/de\/berias-crew\/","og_site_name":"BERIAS","article_publisher":"https:\/\/www.facebook.com\/profile.php?id=100072537697003","article_modified_time":"2025-02-25T12:57:13+00:00","og_image":[{"width":1201,"height":676,"url":"https:\/\/berias.com\/wp-content\/uploads\/2025\/08\/Zeichenflache-3.png","type":"image\/png"}],"twitter_card":"summary_large_image","twitter_misc":{"Gesch\u00e4tzte Lesezeit":"26\u00a0Minuten"},"schema":{"@context":"https:\/\/schema.org","@graph":[{"@type":"WebPage","@id":"https:\/\/berias.com\/de\/berias-crew\/","url":"https:\/\/berias.com\/de\/berias-crew\/","name":"BERIAS - IHR KREATIVES NETZWERK AUF AUGENH\u00d6HE","isPartOf":{"@id":"\/#website"},"datePublished":"2020-05-16T06:56:16+00:00","dateModified":"2025-02-25T12:57:13+00:00","description":"Die BERIAS.crew ist bunt gemischt, breit aufgestellt und bildet ein kreatives Netzwerk f\u00fcr jede Aufgabe. Wir sind keine Berater, wir sind Partner.","breadcrumb":{"@id":"https:\/\/berias.com\/de\/berias-crew\/#breadcrumb"},"inLanguage":"de","potentialAction":[{"@type":"ReadAction","target":["https:\/\/berias.com\/de\/berias-crew\/"]}]},{"@type":"BreadcrumbList","@id":"https:\/\/berias.com\/de\/berias-crew\/#breadcrumb","itemListElement":[{"@type":"ListItem","position":1,"name":"Startseite","item":"https:\/\/berias.com\/de\/"},{"@type":"ListItem","position":2,"name":"BERIAS.CREW"}]},{"@type":"WebSite","@id":"\/#website","url":"\/","name":"BERIAS","description":"Business Development","publisher":{"@id":"\/#organization"},"potentialAction":[{"@type":"SearchAction","target":{"@type":"EntryPoint","urlTemplate":"\/?s={search_term_string}"},"query-input":{"@type":"PropertyValueSpecification","valueRequired":true,"valueName":"search_term_string"}}],"inLanguage":"de"},{"@type":"Organization","@id":"\/#organization","name":"Berias.","url":"\/","logo":{"@type":"ImageObject","inLanguage":"de","@id":"\/#\/schema\/logo\/image\/","url":"https:\/\/berias.com\/wp-content\/uploads\/2025\/08\/For-Yoast.png","contentUrl":"https:\/\/berias.com\/wp-content\/uploads\/2025\/08\/For-Yoast.png","width":697,"height":697,"caption":"Berias."},"image":{"@id":"\/#\/schema\/logo\/image\/"},"sameAs":["https:\/\/www.facebook.com\/profile.php?id=100072537697003","https:\/\/www.linkedin.com\/company\/berias\/","https:\/\/www.instagram.com\/berias.official\/"]}]}},"_links":{"self":[{"href":"https:\/\/berias.com\/de\/wp-json\/wp\/v2\/pages\/1789","targetHints":{"allow":["GET"]}}],"collection":[{"href":"https:\/\/berias.com\/de\/wp-json\/wp\/v2\/pages"}],"about":[{"href":"https:\/\/berias.com\/de\/wp-json\/wp\/v2\/types\/page"}],"author":[{"embeddable":true,"href":"https:\/\/berias.com\/de\/wp-json\/wp\/v2\/users\/6"}],"replies":[{"embeddable":true,"href":"https:\/\/berias.com\/de\/wp-json\/wp\/v2\/comments?post=1789"}],"version-history":[{"count":0,"href":"https:\/\/berias.com\/de\/wp-json\/wp\/v2\/pages\/1789\/revisions"}],"wp:attachment":[{"href":"https:\/\/berias.com\/de\/wp-json\/wp\/v2\/media?parent=1789"}],"curies":[{"name":"wp","href":"https:\/\/api.w.org\/{rel}","templated":true}]}}